{"id":123,"date":"2022-02-11T14:59:18","date_gmt":"2022-02-11T13:59:18","guid":{"rendered":"https:\/\/viamarseillefos.kaiman.fr\/?page_id=123"},"modified":"2023-05-09T12:27:47","modified_gmt":"2023-05-09T10:27:47","slug":"cartographie","status":"publish","type":"page","link":"https:\/\/viamarseillefos.kaiman.fr\/fr\/cartographie\/","title":{"rendered":"Cartographie"},"content":{"rendered":"","protected":false},"excerpt":{"rendered":"","protected":false},"author":1,"featured_media":0,"parent":0,"menu_order":0,"comment_status":"closed","ping_status":"closed","template":"template-cartographie.php","meta":{"_acf_changed":false,"footnotes":""},"acf":[],"yoast_head":"<!-- This site is optimized with the Yoast SEO plugin v22.7 - https:\/\/yoast.com\/wordpress\/plugins\/seo\/ -->\n<title>Port Via Marseille Fos | Cartographie<\/title>\n<meta name=\"description\" content=\"Explorez la carte interactive du Port Via Marseille Fos et d\u00e9couvrez ses diff\u00e9rentes zones et infrastructures, ainsi que les entreprises qui y sont implant\u00e9es.\" \/>\n<meta name=\"robots\" content=\"noindex, follow, max-snippet:-1, max-image-preview:large, max-video-preview:-1\" \/>\n<meta property=\"og:locale\" content=\"fr_FR\" \/>\n<meta property=\"og:type\" content=\"article\" \/>\n<meta property=\"og:title\" content=\"Port Via Marseille Fos | Cartographie\" \/>\n<meta property=\"og:description\" content=\"Explorez la carte interactive du Port Via Marseille Fos et d\u00e9couvrez ses diff\u00e9rentes zones et infrastructures, ainsi que les entreprises qui y sont implant\u00e9es.\" \/>\n<meta property=\"og:url\" content=\"https:\/\/viamarseillefos.kaiman.fr\/fr\/cartographie\/\" \/>\n<meta property=\"og:site_name\" content=\"Via Marseille Fos\" \/>\n<meta property=\"article:publisher\" content=\"https:\/\/www.facebook.com\/ViaMarseilleFos\/\" \/>\n<meta property=\"article:modified_time\" content=\"2023-05-09T10:27:47+00:00\" \/>\n<meta name=\"twitter:card\" content=\"summary_large_image\" \/>\n<script type=\"application\/ld+json\" class=\"yoast-schema-graph\">{\"@context\":\"https:\/\/schema.org\",\"@graph\":[{\"@type\":\"WebPage\",\"@id\":\"https:\/\/viamarseillefos.kaiman.fr\/fr\/cartographie\/\",\"url\":\"https:\/\/viamarseillefos.kaiman.fr\/fr\/cartographie\/\",\"name\":\"Port Via Marseille Fos | Cartographie\",\"isPartOf\":{\"@id\":\"https:\/\/viamarseillefos.kaiman.fr\/fr\/#website\"},\"datePublished\":\"2022-02-11T13:59:18+00:00\",\"dateModified\":\"2023-05-09T10:27:47+00:00\",\"description\":\"Explorez la carte interactive du Port Via Marseille Fos et d\u00e9couvrez ses diff\u00e9rentes zones et infrastructures, ainsi que les entreprises qui y sont implant\u00e9es.\",\"breadcrumb\":{\"@id\":\"https:\/\/viamarseillefos.kaiman.fr\/fr\/cartographie\/#breadcrumb\"},\"inLanguage\":\"fr-FR\",\"potentialAction\":[{\"@type\":\"ReadAction\",\"target\":[\"https:\/\/viamarseillefos.kaiman.fr\/fr\/cartographie\/\"]}]},{\"@type\":\"BreadcrumbList\",\"@id\":\"https:\/\/viamarseillefos.kaiman.fr\/fr\/cartographie\/#breadcrumb\",\"itemListElement\":[{\"@type\":\"ListItem\",\"position\":1,\"name\":\"Accueil\",\"item\":\"https:\/\/viamarseillefos.kaiman.fr\/fr\/\"},{\"@type\":\"ListItem\",\"position\":2,\"name\":\"Cartographie\"}]},{\"@type\":\"WebSite\",\"@id\":\"https:\/\/viamarseillefos.kaiman.fr\/fr\/#website\",\"url\":\"https:\/\/viamarseillefos.kaiman.fr\/fr\/\",\"name\":\"Via Marseille Fos\",\"description\":\"Vos marchandises sont uniques.  Nos savoir-faire aussi.\",\"publisher\":{\"@id\":\"https:\/\/viamarseillefos.kaiman.fr\/fr\/#organization\"},\"potentialAction\":[{\"@type\":\"SearchAction\",\"target\":{\"@type\":\"EntryPoint\",\"urlTemplate\":\"https:\/\/viamarseillefos.kaiman.fr\/fr\/?s={search_term_string}\"},\"query-input\":\"required name=search_term_string\"}],\"inLanguage\":\"fr-FR\"},{\"@type\":\"Organization\",\"@id\":\"https:\/\/viamarseillefos.kaiman.fr\/fr\/#organization\",\"name\":\"Via Marseille Fos\",\"url\":\"https:\/\/viamarseillefos.kaiman.fr\/fr\/\",\"logo\":{\"@type\":\"ImageObject\",\"inLanguage\":\"fr-FR\",\"@id\":\"https:\/\/viamarseillefos.kaiman.fr\/fr\/#\/schema\/logo\/image\/\",\"url\":\"https:\/\/viamarseillefos.kaiman.fr\/wp-content\/uploads\/2023\/05\/via-marseille-fos.png\",\"contentUrl\":\"https:\/\/viamarseillefos.kaiman.fr\/wp-content\/uploads\/2023\/05\/via-marseille-fos.png\",\"width\":225,\"height\":225,\"caption\":\"Via Marseille Fos\"},\"image\":{\"@id\":\"https:\/\/viamarseillefos.kaiman.fr\/fr\/#\/schema\/logo\/image\/\"},\"sameAs\":[\"https:\/\/www.facebook.com\/ViaMarseilleFos\/\"]}]}<\/script>\n<!-- \/ Yoast SEO plugin. -->","yoast_head_json":{"title":"Port Via Marseille Fos | Cartographie","description":"Explorez la carte interactive du Port Via Marseille Fos et d\u00e9couvrez ses diff\u00e9rentes zones et infrastructures, ainsi que les entreprises qui y sont implant\u00e9es.","robots":{"index":"noindex","follow":"follow","max-snippet":"max-snippet:-1","max-image-preview":"max-image-preview:large","max-video-preview":"max-video-preview:-1"},"og_locale":"fr_FR","og_type":"article","og_title":"Port Via Marseille Fos | Cartographie","og_description":"Explorez la carte interactive du Port Via Marseille Fos et d\u00e9couvrez ses diff\u00e9rentes zones et infrastructures, ainsi que les entreprises qui y sont implant\u00e9es.","og_url":"https:\/\/viamarseillefos.kaiman.fr\/fr\/cartographie\/","og_site_name":"Via Marseille Fos","article_publisher":"https:\/\/www.facebook.com\/ViaMarseilleFos\/","article_modified_time":"2023-05-09T10:27:47+00:00","twitter_card":"summary_large_image","schema":{"@context":"https:\/\/schema.org","@graph":[{"@type":"WebPage","@id":"https:\/\/viamarseillefos.kaiman.fr\/fr\/cartographie\/","url":"https:\/\/viamarseillefos.kaiman.fr\/fr\/cartographie\/","name":"Port Via Marseille Fos | Cartographie","isPartOf":{"@id":"https:\/\/viamarseillefos.kaiman.fr\/fr\/#website"},"datePublished":"2022-02-11T13:59:18+00:00","dateModified":"2023-05-09T10:27:47+00:00","description":"Explorez la carte interactive du Port Via Marseille Fos et d\u00e9couvrez ses diff\u00e9rentes zones et infrastructures, ainsi que les entreprises qui y sont implant\u00e9es.","breadcrumb":{"@id":"https:\/\/viamarseillefos.kaiman.fr\/fr\/cartographie\/#breadcrumb"},"inLanguage":"fr-FR","potentialAction":[{"@type":"ReadAction","target":["https:\/\/viamarseillefos.kaiman.fr\/fr\/cartographie\/"]}]},{"@type":"BreadcrumbList","@id":"https:\/\/viamarseillefos.kaiman.fr\/fr\/cartographie\/#breadcrumb","itemListElement":[{"@type":"ListItem","position":1,"name":"Accueil","item":"https:\/\/viamarseillefos.kaiman.fr\/fr\/"},{"@type":"ListItem","position":2,"name":"Cartographie"}]},{"@type":"WebSite","@id":"https:\/\/viamarseillefos.kaiman.fr\/fr\/#website","url":"https:\/\/viamarseillefos.kaiman.fr\/fr\/","name":"Via Marseille Fos","description":"Vos marchandises sont uniques.  Nos savoir-faire aussi.","publisher":{"@id":"https:\/\/viamarseillefos.kaiman.fr\/fr\/#organization"},"potentialAction":[{"@type":"SearchAction","target":{"@type":"EntryPoint","urlTemplate":"https:\/\/viamarseillefos.kaiman.fr\/fr\/?s={search_term_string}"},"query-input":"required name=search_term_string"}],"inLanguage":"fr-FR"},{"@type":"Organization","@id":"https:\/\/viamarseillefos.kaiman.fr\/fr\/#organization","name":"Via Marseille Fos","url":"https:\/\/viamarseillefos.kaiman.fr\/fr\/","logo":{"@type":"ImageObject","inLanguage":"fr-FR","@id":"https:\/\/viamarseillefos.kaiman.fr\/fr\/#\/schema\/logo\/image\/","url":"https:\/\/viamarseillefos.kaiman.fr\/wp-content\/uploads\/2023\/05\/via-marseille-fos.png","contentUrl":"https:\/\/viamarseillefos.kaiman.fr\/wp-content\/uploads\/2023\/05\/via-marseille-fos.png","width":225,"height":225,"caption":"Via Marseille Fos"},"image":{"@id":"https:\/\/viamarseillefos.kaiman.fr\/fr\/#\/schema\/logo\/image\/"},"sameAs":["https:\/\/www.facebook.com\/ViaMarseilleFos\/"]}]}},"_links":{"self":[{"href":"https:\/\/viamarseillefos.kaiman.fr\/fr\/wp-json\/wp\/v2\/pages\/123"}],"collection":[{"href":"https:\/\/viamarseillefos.kaiman.fr\/fr\/wp-json\/wp\/v2\/pages"}],"about":[{"href":"https:\/\/viamarseillefos.kaiman.fr\/fr\/wp-json\/wp\/v2\/types\/page"}],"author":[{"embeddable":true,"href":"https:\/\/viamarseillefos.kaiman.fr\/fr\/wp-json\/wp\/v2\/users\/1"}],"replies":[{"embeddable":true,"href":"https:\/\/viamarseillefos.kaiman.fr\/fr\/wp-json\/wp\/v2\/comments?post=123"}],"version-history":[{"count":1,"href":"https:\/\/viamarseillefos.kaiman.fr\/fr\/wp-json\/wp\/v2\/pages\/123\/revisions"}],"predecessor-version":[{"id":124,"href":"https:\/\/viamarseillefos.kaiman.fr\/fr\/wp-json\/wp\/v2\/pages\/123\/revisions\/124"}],"wp:attachment":[{"href":"https:\/\/viamarseillefos.kaiman.fr\/fr\/wp-json\/wp\/v2\/media?parent=123"}],"curies":[{"name":"wp","href":"https:\/\/api.w.org\/{rel}","templated":true}]}}